{"id":60,"date":"2015-12-19T23:27:29","date_gmt":"2015-12-19T22:27:29","guid":{"rendered":"http:\/\/www.showdog.at\/?page_id=60"},"modified":"2021-07-05T16:32:49","modified_gmt":"2021-07-05T14:32:49","slug":"about-us","status":"publish","type":"page","link":"http:\/\/www.troublemanias.com\/de\/about-us\/","title":{"rendered":"Willkommen in unserer Welt!"},"content":{"rendered":"<p><\/p>\n<p style=\"text-align: justify;\"><a href=\"http:\/\/www.troublemanias.com\/wp-content\/uploads\/20210705_Website_Header.jpg\"><img loading=\"lazy\" class=\"alignnone size-full wp-image-2018\" src=\"http:\/\/www.troublemanias.com\/wp-content\/uploads\/20210705_Website_Header.jpg\" alt=\"\" width=\"2100\" height=\"660\" srcset=\"http:\/\/www.troublemanias.com\/wp-content\/uploads\/20210705_Website_Header.jpg 2100w, http:\/\/www.troublemanias.com\/wp-content\/uploads\/20210705_Website_Header-300x94.jpg 300w, http:\/\/www.troublemanias.com\/wp-content\/uploads\/20210705_Website_Header-1024x322.jpg 1024w, http:\/\/www.troublemanias.com\/wp-content\/uploads\/20210705_Website_Header-768x241.jpg 768w, http:\/\/www.troublemanias.com\/wp-content\/uploads\/20210705_Website_Header-1536x483.jpg 1536w, http:\/\/www.troublemanias.com\/wp-content\/uploads\/20210705_Website_Header-2048x644.jpg 2048w, http:\/\/www.troublemanias.com\/wp-content\/uploads\/20210705_Website_Header-250x79.jpg 250w, http:\/\/www.troublemanias.com\/wp-content\/uploads\/20210705_Website_Header-150x47.jpg 150w, http:\/\/www.troublemanias.com\/wp-content\/uploads\/20210705_Website_Header-1050x330.jpg 1050w\" sizes=\"(max-width: 2100px) 100vw, 2100px\" \/><\/a><a href=\"http:\/\/www.showdog.at\/wp-content\/uploads\/20160126_aboutUs1.jpg\"><br \/>\n<\/a>Wir &#8211; das sind <strong>Natascha &amp; Mak<\/strong> und gemeinsam leben wir in Wien, \u00d6sterreich. Unsere Leidenschaft f\u00fcr Hunde und die Zucht teilen wir mit unserer gesamten Familie! Natascha&#8217;s Mama gibt einigen Terriern ein Zuhause und Mak&#8217;s Eltern z\u00fcchten American Cocker Spaniels.<\/p>\n<p style=\"text-align: justify;\">Einige Jahre nachdem wir begonnen hatten, Ausstellungen zu besuchen, fanden wir eine Rasse, die uns charakterlich und auch von ihrem Aussehen sehr zusagte: den Petit Basset Griffon Vendeen. Allerdings dauerte es noch einige Jahr bis wir uns endlich dazu entschlossen, einen PBGV nach \u00d6sterreich zu bringen. Quelle, unsere erste Grand Basset Griffon Vendeen H\u00fcndin, zeigte uns wie toll auch diese Hunde sind. 2018 hie\u00dfen wir unseren ersten Basset fauve de Bretagne bei uns willkommen und seither k\u00f6nnen wir uns ein Leben ohne diese drei Rassen nicht mehr vorstellen.<\/p>\n<p style=\"text-align: justify;\">Besonders wichtig ist es uns, dass unsere Hunde als Familienmitglieder angesehen werden und an den allt\u00e4glichen Aktivit\u00e4ten teilhaben d\u00fcrfen. Und genau diese Einstellung suchen wir auch bei unseren zuk\u00fcnftigen Welpenbesitzern. F\u00fcr unsere Welpen w\u00fcnschen wir uns, dass sie viel Liebe und Zuwendung bekommen und erst zweitrangig als Gebrauchshund oder Ausstellungshund angesehen werden. Nat\u00fcrlich sind wir auch sehr stolz auf die Erfolge, die unsere Hunde in der Vergangenheit erzielt haben, aber das steht f\u00fcr uns nicht im Vordergrund. Auch gl\u00fccklich sind wir dar\u00fcber, dass unsere Vierbeiner gerne arbeiten &#8211; gelegentlich\u00a0werden ihnen F\u00e4hrten gelegt, die sie anschlie\u00dfend nachsuchen d\u00fcrfen. -uns macht das mindestens genau so viel Spa\u00df wie den kleinen J\u00e4gern \ud83d\ude42<\/p>\n<p style=\"text-align: justify;\">Alle drei Rassen sind Rudelhunde und ausgesprochen gute Familienhunde. Sie lieben die Gesellschaft von anderen Hunden und kaum haben sie eine Bindung zu einem aufgebaut, sind sie sehr loyale Freunde und arbeiten sehr gerne mit und f\u00fcr einen. \u00dcber die Zeit hat sich f\u00fcr uns gezeigt, dass PBGV\/ GBGV\/ BFDB die perfekten Rassen f\u00fcr uns sind, dennoch sollte sich jeder bewusst sein, dass sie nicht eine Rasse f\u00fcr jeden sind. Wenn Sie sich sicher sind, dass diese Rasse Ihr Leben bereichern w\u00fcrde, dann w\u00fcrden wir uns freuen, wenn Sie zu uns Kontakt aufnehmen!<\/p>\n<p style=\"text-align: justify;\">F\u00fcr uns steht aber fest, ein Leben ohne Petit und Grand w\u00e4re nur halb so lustig!<br \/>\n<em>Liebe Gr\u00fc\u00dfe<\/em><\/p>\n<p><img loading=\"lazy\" class=\"alignnone size-full wp-image-1696\" src=\"http:\/\/www.showdog.at\/wp-content\/uploads\/20190522_RollUp_PBGVvsGBGV_FB_size-scaled.jpg\" alt=\"\" width=\"2560\" height=\"945\" srcset=\"http:\/\/www.troublemanias.com\/wp-content\/uploads\/20190522_RollUp_PBGVvsGBGV_FB_size-scaled.jpg 2560w, http:\/\/www.troublemanias.com\/wp-content\/uploads\/20190522_RollUp_PBGVvsGBGV_FB_size-300x111.jpg 300w, http:\/\/www.troublemanias.com\/wp-content\/uploads\/20190522_RollUp_PBGVvsGBGV_FB_size-1024x378.jpg 1024w, http:\/\/www.troublemanias.com\/wp-content\/uploads\/20190522_RollUp_PBGVvsGBGV_FB_size-768x283.jpg 768w, http:\/\/www.troublemanias.com\/wp-content\/uploads\/20190522_RollUp_PBGVvsGBGV_FB_size-1536x567.jpg 1536w, http:\/\/www.troublemanias.com\/wp-content\/uploads\/20190522_RollUp_PBGVvsGBGV_FB_size-2048x756.jpg 2048w, http:\/\/www.troublemanias.com\/wp-content\/uploads\/20190522_RollUp_PBGVvsGBGV_FB_size-250x92.jpg 250w, http:\/\/www.troublemanias.com\/wp-content\/uploads\/20190522_RollUp_PBGVvsGBGV_FB_size-150x55.jpg 150w\" sizes=\"(max-width: 2560px) 100vw, 2560px\" \/><\/p>\n<div class=\"column-group columns-2\"><br \/>\n<div class=\"column column-number-1 column-span-1\"><p> <span style=\"color: #056161;\"><strong>Petit Basset Griffon Vendeen<\/strong><\/span><\/p>\n<p><img loading=\"lazy\" class=\"alignnone size-full wp-image-1898\" src=\"http:\/\/www.showdog.at\/wp-content\/uploads\/t_web12-1.jpg\" alt=\"\" width=\"2048\" height=\"1365\" srcset=\"http:\/\/www.troublemanias.com\/wp-content\/uploads\/t_web12-1.jpg 2048w, http:\/\/www.troublemanias.com\/wp-content\/uploads\/t_web12-1-300x200.jpg 300w, http:\/\/www.troublemanias.com\/wp-content\/uploads\/t_web12-1-1024x683.jpg 1024w, http:\/\/www.troublemanias.com\/wp-content\/uploads\/t_web12-1-768x512.jpg 768w, http:\/\/www.troublemanias.com\/wp-content\/uploads\/t_web12-1-1536x1024.jpg 1536w, http:\/\/www.troublemanias.com\/wp-content\/uploads\/t_web12-1-225x150.jpg 225w, http:\/\/www.troublemanias.com\/wp-content\/uploads\/t_web12-1-150x100.jpg 150w\" sizes=\"(max-width: 2048px) 100vw, 2048px\" \/>Der PBGV ist der kleinere Verwandte des Grands und ist auch unter dem Namen &#8222;the happy breed&#8220; bekannt. Petits sind &#8211; wie der Name schon erahnen l\u00e4sst &#8211; sehr fr\u00f6hliche Hunde, sie wedeln 24 Stunden, 7 Tage die Woche. Sie sind die kleinen Clowns unter den Hounds und f\u00fcr jeden Spa\u00df zu haben!<br \/>\nEinige nette Fakten \u00fcber den PBGV &lt;<a href=\"http:\/\/www.akc.org\/content\/entertainment\/articles\/5-things-you-didnt-know-about-the-petit-basset-griffon-vendeen\/?utm_source=FBAKC&amp;utm_medium=Social&amp;utm_campaign=five-things-you-didnt-know-about-petit-basset-griffon-vendeen\" target=\"_blank\" rel=\"noopener noreferrer\">hier<\/a>&gt;<\/p>\n<p>\n<\/div><br \/>\n<div class=\"column column-number-2 last column-span-1\"><p><strong><span style=\"color: #056161;\">Grand Basset Griffon Vendeen<\/span><br \/>\n<\/strong><\/p>\n<p style=\"text-align: justify;\" align=\"justify\"><img loading=\"lazy\" class=\"alignnone size-full wp-image-1413\" src=\"http:\/\/www.showdog.at\/wp-content\/uploads\/10414427_1091450364207782_7743188967531246627_n.jpg\" alt=\"\" width=\"960\" height=\"620\" srcset=\"http:\/\/www.troublemanias.com\/wp-content\/uploads\/10414427_1091450364207782_7743188967531246627_n.jpg 960w, http:\/\/www.troublemanias.com\/wp-content\/uploads\/10414427_1091450364207782_7743188967531246627_n-300x194.jpg 300w, http:\/\/www.troublemanias.com\/wp-content\/uploads\/10414427_1091450364207782_7743188967531246627_n-768x496.jpg 768w, http:\/\/www.troublemanias.com\/wp-content\/uploads\/10414427_1091450364207782_7743188967531246627_n-232x150.jpg 232w, http:\/\/www.troublemanias.com\/wp-content\/uploads\/10414427_1091450364207782_7743188967531246627_n-150x97.jpg 150w\" sizes=\"(max-width: 960px) 100vw, 960px\" \/>Auch wenn der GBGV dem Petit \u00e4u\u00dferlich etwas \u00e4hneln mag, unterscheiden sie sich doch im Charakter. Der Grand ist ruhiger und seine ganze Art entspannter. Auch GBGVs sind sehr gl\u00fcckliche Hunde, gleichzeitig aber auch sehr bem\u00fcht um &#8222;ihren&#8220; Menschen und treue Freunde!<\/p>\n<p>\n<\/div><br \/>\n<\/div>\n<p><div class=\"column-group columns-2\"><br \/>\n<div class=\"column column-number-1 column-span-1\"><p>\u00a0<span style=\"color: #056161;\"><strong>Basset fauve de Bretagne<\/strong><\/span><\/p>\n<p align=\"justify\"><img loading=\"lazy\" class=\"alignnone size-full wp-image-1895\" src=\"http:\/\/www.showdog.at\/wp-content\/uploads\/103958974_3914062425333999_700681979639249980_o.jpg\" alt=\"\" width=\"2048\" height=\"1365\" srcset=\"http:\/\/www.troublemanias.com\/wp-content\/uploads\/103958974_3914062425333999_700681979639249980_o.jpg 2048w, http:\/\/www.troublemanias.com\/wp-content\/uploads\/103958974_3914062425333999_700681979639249980_o-300x200.jpg 300w, http:\/\/www.troublemanias.com\/wp-content\/uploads\/103958974_3914062425333999_700681979639249980_o-1024x683.jpg 1024w, http:\/\/www.troublemanias.com\/wp-content\/uploads\/103958974_3914062425333999_700681979639249980_o-768x512.jpg 768w, http:\/\/www.troublemanias.com\/wp-content\/uploads\/103958974_3914062425333999_700681979639249980_o-1536x1024.jpg 1536w, http:\/\/www.troublemanias.com\/wp-content\/uploads\/103958974_3914062425333999_700681979639249980_o-225x150.jpg 225w, http:\/\/www.troublemanias.com\/wp-content\/uploads\/103958974_3914062425333999_700681979639249980_o-150x100.jpg 150w\" sizes=\"(max-width: 2048px) 100vw, 2048px\" \/>Die Farbe des Basset fauve de Bretagnes ist nat\u00fcrlich das offensichtlichste Unterscheidungsmerkmal. Der Basset fauve hat circa die Gr\u00f6\u00dfe des PBGVs, \u00e4hnelt im Charakter allerdings mehr dem Grand. Sie sind aufgeweckte, kleine Kobolde. Sie sind gerne in der Natur, suchen aber ebenso viel K\u00f6rperkontakt mit ihrem Menschen.<\/p>\n<p>\n<\/div><br \/>\n<div class=\"column column-number-2 last column-span-1\"><\/p>\n<p>\n<\/div><br \/>\n<\/div><\/p>","protected":false},"excerpt":{"rendered":"<p>Wir &#8211; das sind Natascha &amp; Mak und gemeinsam leben wir in Wien, \u00d6sterreich. Unsere Leidenschaft f\u00fcr Hunde und die Zucht teilen wir mit unserer gesamten Familie! Natascha&#8217;s Mama gibt einigen Terriern ein Zuhause und Mak&#8217;s Eltern z\u00fcchten American Cocker Spaniels. Einige Jahre nachdem wir begonnen hatten, Ausstellungen zu besuchen,\u2026 <a class=\"continue-reading-link\" href=\"http:\/\/www.troublemanias.com\/de\/about-us\/\">Continue reading<\/a><\/p>\n","protected":false},"author":1,"featured_media":0,"parent":0,"menu_order":0,"comment_status":"closed","ping_status":"closed","template":"templates\/template-onecolumn.php","meta":[],"_links":{"self":[{"href":"http:\/\/www.troublemanias.com\/de\/wp-json\/wp\/v2\/pages\/60"}],"collection":[{"href":"http:\/\/www.troublemanias.com\/de\/wp-json\/wp\/v2\/pages"}],"about":[{"href":"http:\/\/www.troublemanias.com\/de\/wp-json\/wp\/v2\/types\/page"}],"author":[{"embeddable":true,"href":"http:\/\/www.troublemanias.com\/de\/wp-json\/wp\/v2\/users\/1"}],"replies":[{"embeddable":true,"href":"http:\/\/www.troublemanias.com\/de\/wp-json\/wp\/v2\/comments?post=60"}],"version-history":[{"count":54,"href":"http:\/\/www.troublemanias.com\/de\/wp-json\/wp\/v2\/pages\/60\/revisions"}],"predecessor-version":[{"id":2019,"href":"http:\/\/www.troublemanias.com\/de\/wp-json\/wp\/v2\/pages\/60\/revisions\/2019"}],"wp:attachment":[{"href":"http:\/\/www.troublemanias.com\/de\/wp-json\/wp\/v2\/media?parent=60"}],"curies":[{"name":"wp","href":"https:\/\/api.w.org\/{rel}","templated":true}]}}