{"id":231,"date":"2016-01-03T21:43:11","date_gmt":"2016-01-03T20:43:11","guid":{"rendered":"http:\/\/www.showdog.at\/?page_id=231"},"modified":"2021-12-11T18:16:36","modified_gmt":"2021-12-11T17:16:36","slug":"previous","status":"publish","type":"page","link":"http:\/\/www.troublemanias.com\/de\/previous\/","title":{"rendered":"Bisherig"},"content":{"rendered":"<p><div class=\"column-group columns-2\"><div class=\"column column-number-1 column-span-1\"><p><strong>A-Wurf\u00a0<\/strong><br \/>\nBlack Majesty Hollywood x Alfa Kalibro Absenth Fairy<br \/>\n*09. Februar 2017 | 2\u00a0R\u00fcden<br \/>\n<a href=\"http:\/\/www.troublemanias.com\/a-litter\/\"><img loading=\"lazy\" class=\"alignnone size-full wp-image-757\" src=\"http:\/\/www.showdog.at\/wp-content\/uploads\/17880075_1493641227322025_3047735811822112134_o.jpg\" alt=\"\" width=\"2048\" height=\"1365\" srcset=\"http:\/\/www.troublemanias.com\/wp-content\/uploads\/17880075_1493641227322025_3047735811822112134_o.jpg 2048w, http:\/\/www.troublemanias.com\/wp-content\/uploads\/17880075_1493641227322025_3047735811822112134_o-300x200.jpg 300w, http:\/\/www.troublemanias.com\/wp-content\/uploads\/17880075_1493641227322025_3047735811822112134_o-768x512.jpg 768w, http:\/\/www.troublemanias.com\/wp-content\/uploads\/17880075_1493641227322025_3047735811822112134_o-1024x683.jpg 1024w, http:\/\/www.troublemanias.com\/wp-content\/uploads\/17880075_1493641227322025_3047735811822112134_o-225x150.jpg 225w, http:\/\/www.troublemanias.com\/wp-content\/uploads\/17880075_1493641227322025_3047735811822112134_o-150x100.jpg 150w\" sizes=\"(max-width: 2048px) 100vw, 2048px\" \/><\/a><\/p>\n<\/div><br \/>\n<div class=\"column column-number-2 last column-span-1\"><p><\/p>\n<\/div> <\/div><\/p>\n<p>&nbsp;<\/p>\n<h1 class=\"entry-title\"><span style=\"color: #195058;\">Kooperations-W\u00fcrfe<\/span><\/h1>\n<p>Unsere gro\u00dfe Leidenschaft liegt darin, so gut es geht f\u00fcr und mit der Rasse zu arbeiten. Durch diese Arbeit haben eine gute Freundin und Z\u00fcchterin kennengelernt, die die gleichen Ziele verfolgt wie wir. Aus diesem Grund wollen wir in dieser Sektion der Website ausgew\u00e4hlte W\u00fcrfe von ihr vorstellen: Frau Iva Raic z\u00fcchtet all die gelisteten W\u00fcrfe in Kroatien unter dem Zuchtst\u00e4ttennamen &#8222;<a href=\"http:\/\/www.blackmajestypbgvs.com\" target=\"_blank\" rel=\"noopener noreferrer\">Black Majesty<\/a>&#8220; .<\/p>\n<div class=\"column-group columns-2\"><div class=\"column column-number-1 column-span-1\"><p><strong>Wurf Pudding x Naty <\/strong><br \/>\nBlack Majesty Name The Game x Black Majesty Reggaeton Lento<br \/>\n*22. Juli 2021 | 2 R\u00fcden &amp; 2 H\u00fcndinnen<br \/>\n<a href=\"http:\/\/www.troublemanias.com\/naty-x-pudding-litter\/\"><img loading=\"lazy\" class=\"alignnone size-full wp-image-2048\" src=\"http:\/\/www.troublemanias.com\/wp-content\/uploads\/NatyxPudding.jpg\" alt=\"\" width=\"2040\" height=\"1360\" srcset=\"http:\/\/www.troublemanias.com\/wp-content\/uploads\/NatyxPudding.jpg 2040w, http:\/\/www.troublemanias.com\/wp-content\/uploads\/NatyxPudding-300x200.jpg 300w, http:\/\/www.troublemanias.com\/wp-content\/uploads\/NatyxPudding-1024x683.jpg 1024w, http:\/\/www.troublemanias.com\/wp-content\/uploads\/NatyxPudding-768x512.jpg 768w, http:\/\/www.troublemanias.com\/wp-content\/uploads\/NatyxPudding-1536x1024.jpg 1536w, http:\/\/www.troublemanias.com\/wp-content\/uploads\/NatyxPudding-225x150.jpg 225w, http:\/\/www.troublemanias.com\/wp-content\/uploads\/NatyxPudding-150x100.jpg 150w\" sizes=\"(max-width: 2040px) 100vw, 2040px\" \/><\/a><\/p>\n<\/div><br \/>\n<div class=\"column column-number-2 last column-span-1\"><p><\/p>\n<\/div> <\/div>\n<div class=\"column-group columns-2\"><div class=\"column column-number-1 column-span-1\"><p><strong>Wurf Elliott x Evita\u00a0<\/strong><br \/>\nAround Double Magic x\u00a0Black Majesty Griotte<br \/>\n*09. J\u00e4nner 2020| 4\u00a0R\u00fcden &amp; 3 H\u00fcndinnen<a href=\"http:\/\/www.troublemanias.com\/evita-x-elliott-litter\/\"><img loading=\"lazy\" class=\"alignnone size-full wp-image-1771\" src=\"http:\/\/www.showdog.at\/wp-content\/uploads\/86969859_10221197641187430_5718005036223561728_o.jpg\" alt=\"\" width=\"2048\" height=\"1159\" srcset=\"http:\/\/www.troublemanias.com\/wp-content\/uploads\/86969859_10221197641187430_5718005036223561728_o.jpg 2048w, http:\/\/www.troublemanias.com\/wp-content\/uploads\/86969859_10221197641187430_5718005036223561728_o-300x170.jpg 300w, http:\/\/www.troublemanias.com\/wp-content\/uploads\/86969859_10221197641187430_5718005036223561728_o-1024x580.jpg 1024w, http:\/\/www.troublemanias.com\/wp-content\/uploads\/86969859_10221197641187430_5718005036223561728_o-768x435.jpg 768w, http:\/\/www.troublemanias.com\/wp-content\/uploads\/86969859_10221197641187430_5718005036223561728_o-1536x869.jpg 1536w, http:\/\/www.troublemanias.com\/wp-content\/uploads\/86969859_10221197641187430_5718005036223561728_o-250x141.jpg 250w, http:\/\/www.troublemanias.com\/wp-content\/uploads\/86969859_10221197641187430_5718005036223561728_o-150x85.jpg 150w\" sizes=\"(max-width: 2048px) 100vw, 2048px\" \/><\/a><\/p>\n<\/div><br \/>\n<div class=\"column column-number-2 last column-span-1\"><p><strong>Wurf Cheesecake x Evita\u00a0<\/strong><br \/>\nBlack Majesty Serendipity x\u00a0Black Majesty Griotte<br \/>\n*20. Februar 2018 | 2 R\u00fcden &amp; 3 H\u00fcndinnen<br \/>\n<a href=\"http:\/\/www.troublemanias.com\/evita-x-cheesecake\/\"><img loading=\"lazy\" class=\"alignnone size-full wp-image-1080\" src=\"http:\/\/www.showdog.at\/wp-content\/uploads\/GruppenfotoC.jpg\" alt=\"\" width=\"4731\" height=\"3154\" srcset=\"http:\/\/www.troublemanias.com\/wp-content\/uploads\/GruppenfotoC.jpg 4731w, http:\/\/www.troublemanias.com\/wp-content\/uploads\/GruppenfotoC-300x200.jpg 300w, http:\/\/www.troublemanias.com\/wp-content\/uploads\/GruppenfotoC-768x512.jpg 768w, http:\/\/www.troublemanias.com\/wp-content\/uploads\/GruppenfotoC-1024x683.jpg 1024w, http:\/\/www.troublemanias.com\/wp-content\/uploads\/GruppenfotoC-225x150.jpg 225w, http:\/\/www.troublemanias.com\/wp-content\/uploads\/GruppenfotoC-150x100.jpg 150w\" sizes=\"(max-width: 4731px) 100vw, 4731px\" \/><\/a><\/p>\n<\/div> <\/div>\n<p><div class=\"column-group columns-2\"><div class=\"column column-number-1 column-span-1\"><p><strong>Wurf Izzy x Senorita\u00a0<\/strong><br \/>\nBlack Majesty Hollywood x\u00a0Black Majesty Get Off Of My Cloud<br \/>\n*20. April\u00a02017 | 4 R\u00fcden &amp; 2 H\u00fcndinnen<br \/>\n<a href=\"http:\/\/www.troublemanias.com\/izzy-x-senorita-litter\/\"><img loading=\"lazy\" class=\"alignnone size-full wp-image-900\" src=\"http:\/\/www.showdog.at\/wp-content\/uploads\/FF2A0673_small.jpg\" alt=\"\" width=\"4938\" height=\"3292\" srcset=\"http:\/\/www.troublemanias.com\/wp-content\/uploads\/FF2A0673_small.jpg 4938w, http:\/\/www.troublemanias.com\/wp-content\/uploads\/FF2A0673_small-300x200.jpg 300w, http:\/\/www.troublemanias.com\/wp-content\/uploads\/FF2A0673_small-768x512.jpg 768w, http:\/\/www.troublemanias.com\/wp-content\/uploads\/FF2A0673_small-1024x683.jpg 1024w, http:\/\/www.troublemanias.com\/wp-content\/uploads\/FF2A0673_small-225x150.jpg 225w, http:\/\/www.troublemanias.com\/wp-content\/uploads\/FF2A0673_small-150x100.jpg 150w\" sizes=\"(max-width: 4938px) 100vw, 4938px\" \/><\/a><\/p>\n<\/div><br \/>\n<div class=\"column column-number-2 last column-span-1\"><p><strong>Wurf Doodah x Quelle\u00a0<\/strong><br \/>\nBlack Majesty Stop Me If U Can x Debucher Quelquefois<br \/>\n*24. April\u00a02016 | 1 R\u00fcde<br \/>\n<a href=\"http:\/\/www.troublemanias.com\/deutsch-quelle-x-doodah\/\"><img loading=\"lazy\" class=\"alignnone size-full wp-image-1194\" src=\"http:\/\/www.showdog.at\/wp-content\/uploads\/20180701_Albert1.jpg\" alt=\"\" width=\"2000\" height=\"1201\" srcset=\"http:\/\/www.troublemanias.com\/wp-content\/uploads\/20180701_Albert1.jpg 2000w, http:\/\/www.troublemanias.com\/wp-content\/uploads\/20180701_Albert1-300x180.jpg 300w, http:\/\/www.troublemanias.com\/wp-content\/uploads\/20180701_Albert1-768x461.jpg 768w, http:\/\/www.troublemanias.com\/wp-content\/uploads\/20180701_Albert1-1024x615.jpg 1024w, http:\/\/www.troublemanias.com\/wp-content\/uploads\/20180701_Albert1-250x150.jpg 250w, http:\/\/www.troublemanias.com\/wp-content\/uploads\/20180701_Albert1-150x90.jpg 150w\" sizes=\"(max-width: 2000px) 100vw, 2000px\" \/><\/a><\/p>\n<\/div> <\/div><\/p>","protected":false},"excerpt":{"rendered":"<p>&nbsp; Kooperations-W\u00fcrfe Unsere gro\u00dfe Leidenschaft liegt darin, so gut es geht f\u00fcr und mit der Rasse zu arbeiten. Durch diese Arbeit haben eine gute Freundin und Z\u00fcchterin kennengelernt, die die gleichen Ziele verfolgt wie wir. Aus diesem Grund wollen wir in dieser Sektion der Website ausgew\u00e4hlte W\u00fcrfe von ihr vorstellen:\u2026 <a class=\"continue-reading-link\" href=\"http:\/\/www.troublemanias.com\/de\/previous\/\">Continue reading<\/a><\/p>\n","protected":false},"author":1,"featured_media":0,"parent":0,"menu_order":0,"comment_status":"closed","ping_status":"closed","template":"templates\/template-onecolumn.php","meta":[],"_links":{"self":[{"href":"http:\/\/www.troublemanias.com\/de\/wp-json\/wp\/v2\/pages\/231"}],"collection":[{"href":"http:\/\/www.troublemanias.com\/de\/wp-json\/wp\/v2\/pages"}],"about":[{"href":"http:\/\/www.troublemanias.com\/de\/wp-json\/wp\/v2\/types\/page"}],"author":[{"embeddable":true,"href":"http:\/\/www.troublemanias.com\/de\/wp-json\/wp\/v2\/users\/1"}],"replies":[{"embeddable":true,"href":"http:\/\/www.troublemanias.com\/de\/wp-json\/wp\/v2\/comments?post=231"}],"version-history":[{"count":42,"href":"http:\/\/www.troublemanias.com\/de\/wp-json\/wp\/v2\/pages\/231\/revisions"}],"predecessor-version":[{"id":2097,"href":"http:\/\/www.troublemanias.com\/de\/wp-json\/wp\/v2\/pages\/231\/revisions\/2097"}],"wp:attachment":[{"href":"http:\/\/www.troublemanias.com\/de\/wp-json\/wp\/v2\/media?parent=231"}],"curies":[{"name":"wp","href":"https:\/\/api.w.org\/{rel}","templated":true}]}}