{"id":1187,"date":"2018-12-02T13:59:31","date_gmt":"2018-12-02T12:59:31","guid":{"rendered":"http:\/\/www.showdog.at\/?page_id=1187"},"modified":"2021-01-29T22:36:52","modified_gmt":"2021-01-29T21:36:52","slug":"deutsch-quelle-x-doodah","status":"publish","type":"page","link":"http:\/\/www.troublemanias.com\/de\/deutsch-quelle-x-doodah\/","title":{"rendered":"Quelle x Doodah Wurf"},"content":{"rendered":"<p>Dieser Wurf fand in Kooperation mit der Zuchtst\u00e4tte \u201c<a href=\"http:\/\/www.blackmajestypbgvs.com\" target=\"_blank\" rel=\"noopener noreferrer\">Black Majesty<\/a>\u201d (Frau Iva Raic) in Kroatien statt!<br \/>\nUnser besonderes M\u00e4dchen Debucher Quelquefois &#8222;Miss Q&#8220; wurde mit Doodah (Black Majesty Stop Me If U can), der ein sehr typvoller R\u00fcde ist, gedeckt! Die beiden haben sich angestrengt und einen sehr versprechenden jungen Buben namens Albert bekommen &lt;3<\/p>\n<p><img loading=\"lazy\" class=\"alignnone size-full wp-image-1190\" src=\"http:\/\/www.showdog.at\/wp-content\/uploads\/2015_Quelle_Doodah.jpg\" alt=\"\" width=\"1151\" height=\"480\" srcset=\"http:\/\/www.troublemanias.com\/wp-content\/uploads\/2015_Quelle_Doodah.jpg 1151w, http:\/\/www.troublemanias.com\/wp-content\/uploads\/2015_Quelle_Doodah-300x125.jpg 300w, http:\/\/www.troublemanias.com\/wp-content\/uploads\/2015_Quelle_Doodah-768x320.jpg 768w, http:\/\/www.troublemanias.com\/wp-content\/uploads\/2015_Quelle_Doodah-1024x427.jpg 1024w, http:\/\/www.troublemanias.com\/wp-content\/uploads\/2015_Quelle_Doodah-250x104.jpg 250w, http:\/\/www.troublemanias.com\/wp-content\/uploads\/2015_Quelle_Doodah-150x63.jpg 150w\" sizes=\"(max-width: 1151px) 100vw, 1151px\" \/><\/p>\n<p><strong>Wir sind sehr gl\u00fccklich \u00fcber unseren gesunden, charakterstarken und typvollen Babyr\u00fcden!\u00a0<\/strong><\/p>\n<div class=\"column-group columns-2\"><div class=\"column column-number-1 column-span-1\"><p><img loading=\"lazy\" class=\"alignnone size-full wp-image-1194\" src=\"http:\/\/www.showdog.at\/wp-content\/uploads\/20180701_Albert1.jpg\" alt=\"\" width=\"2000\" height=\"1201\" srcset=\"http:\/\/www.troublemanias.com\/wp-content\/uploads\/20180701_Albert1.jpg 2000w, http:\/\/www.troublemanias.com\/wp-content\/uploads\/20180701_Albert1-300x180.jpg 300w, http:\/\/www.troublemanias.com\/wp-content\/uploads\/20180701_Albert1-768x461.jpg 768w, http:\/\/www.troublemanias.com\/wp-content\/uploads\/20180701_Albert1-1024x615.jpg 1024w, http:\/\/www.troublemanias.com\/wp-content\/uploads\/20180701_Albert1-250x150.jpg 250w, http:\/\/www.troublemanias.com\/wp-content\/uploads\/20180701_Albert1-150x90.jpg 150w\" sizes=\"(max-width: 2000px) 100vw, 2000px\" \/><\/p>\n<\/div><br \/>\n<div class=\"column column-number-2 last column-span-1\"><p><img loading=\"lazy\" class=\"alignnone size-full wp-image-1195\" src=\"http:\/\/www.showdog.at\/wp-content\/uploads\/20180701_Albert.jpg\" alt=\"\" width=\"2000\" height=\"1199\" srcset=\"http:\/\/www.troublemanias.com\/wp-content\/uploads\/20180701_Albert.jpg 2000w, http:\/\/www.troublemanias.com\/wp-content\/uploads\/20180701_Albert-300x180.jpg 300w, http:\/\/www.troublemanias.com\/wp-content\/uploads\/20180701_Albert-768x460.jpg 768w, http:\/\/www.troublemanias.com\/wp-content\/uploads\/20180701_Albert-1024x614.jpg 1024w, http:\/\/www.troublemanias.com\/wp-content\/uploads\/20180701_Albert-250x150.jpg 250w, http:\/\/www.troublemanias.com\/wp-content\/uploads\/20180701_Albert-150x90.jpg 150w\" sizes=\"(max-width: 2000px) 100vw, 2000px\" \/><\/p>\n<\/div> <\/div>\n<p><strong>H\u00dcNDIN \u2013 Debucher Quelquefois \u201cQuelle\u201d<br \/>\n<\/strong>Jeder der unsere Quelle kennt, wei\u00df wie besonders sie ist. Sie hat ein sehr gewinnendes Wesen, ist immer gl\u00fccklich und nie \u00e4ngstlich &#8211; ein Wesen das wir und f\u00fcr alle GBGVs w\u00fcnschen w\u00fcrden! Wir sind sehr froh dar\u00fcber, dass unser M\u00e4dchen einen tollen Charakter hat, gesund und clever ist. Dar\u00fcberhinaus ist sie auch noch richtig sch\u00f6n: Neben ihren vielen &#8222;Winner-Titeln, ist sie au\u00dferdem auch noch Kroatischer und Italienischer Champion und Jugendchampion in \u00d6sterreich, Kroatien und der Slowakei. Sie ist eine Gruppensieger, konnte Junior Best In Show und Res. Best Of Day auf Int. Hundeausstellungen werden. Sehr stolz sind wir, dass Quelle 2015 der beste GBGV in \u00d6sterreich war, WELTSIEGER 2015 wurde und neben bei auch noch das BOS auf der WDS und das BOB auf der Welt-Clubschau gewinnen konnte!<\/p>\n<p><img loading=\"lazy\" class=\"alignnone size-full wp-image-1191\" src=\"http:\/\/www.showdog.at\/wp-content\/uploads\/Quelle.jpg\" alt=\"\" width=\"2407\" height=\"638\" srcset=\"http:\/\/www.troublemanias.com\/wp-content\/uploads\/Quelle.jpg 2407w, http:\/\/www.troublemanias.com\/wp-content\/uploads\/Quelle-300x80.jpg 300w, http:\/\/www.troublemanias.com\/wp-content\/uploads\/Quelle-768x204.jpg 768w, http:\/\/www.troublemanias.com\/wp-content\/uploads\/Quelle-1024x271.jpg 1024w, http:\/\/www.troublemanias.com\/wp-content\/uploads\/Quelle-250x66.jpg 250w, http:\/\/www.troublemanias.com\/wp-content\/uploads\/Quelle-150x40.jpg 150w\" sizes=\"(max-width: 2407px) 100vw, 2407px\" \/><\/p>\n<p><strong>SIRE &#8211; Black Majesty Stop Me If U can &#8222;Doodah&#8220;\u00a0<\/strong><br \/>\nDoodah ist in Kroatien auf die Welt gekommen und zog bald darauf in die USA. Dort waren GBGVs leider noch nicht anerkannt, dennoch gelang es ihm, einige CM&#8217;s zu gewinnen! Im Sommer 2015 kam er f\u00fcr eine kurze Zeit zur\u00fcck nach Kroatien wo er sofort einige BOBs gewinnen, den Kroatien Champion machen und BIS gewinnen konnte!<\/p>\n<p><img loading=\"lazy\" class=\"alignnone size-full wp-image-1192\" src=\"http:\/\/www.showdog.at\/wp-content\/uploads\/Doodah.jpg\" alt=\"\" width=\"2451\" height=\"638\" srcset=\"http:\/\/www.troublemanias.com\/wp-content\/uploads\/Doodah.jpg 2451w, http:\/\/www.troublemanias.com\/wp-content\/uploads\/Doodah-300x78.jpg 300w, http:\/\/www.troublemanias.com\/wp-content\/uploads\/Doodah-768x200.jpg 768w, http:\/\/www.troublemanias.com\/wp-content\/uploads\/Doodah-1024x267.jpg 1024w, http:\/\/www.troublemanias.com\/wp-content\/uploads\/Doodah-250x65.jpg 250w, http:\/\/www.troublemanias.com\/wp-content\/uploads\/Doodah-150x39.jpg 150w\" sizes=\"(max-width: 2451px) 100vw, 2451px\" \/><\/p>\n<p><div class=\"column-group columns-2\"><div class=\"column column-number-1 column-span-1\"><p><iframe src=\"https:\/\/www.youtube.com\/embed\/90zilyQ8dec\" width=\"560\" height=\"315\" frameborder=\"0\" allowfullscreen=\"allowfullscreen\"><\/iframe><\/p>\n<\/div><br \/>\n<div class=\"column column-number-2 last column-span-1\"><\/div> <\/div><\/p>","protected":false},"excerpt":{"rendered":"<p>Dieser Wurf fand in Kooperation mit der Zuchtst\u00e4tte \u201cBlack Majesty\u201d (Frau Iva Raic) in Kroatien statt! Unser besonderes M\u00e4dchen Debucher Quelquefois &#8222;Miss Q&#8220; wurde mit Doodah (Black Majesty Stop Me If U can), der ein sehr typvoller R\u00fcde ist, gedeckt! Die beiden haben sich angestrengt und einen sehr versprechenden jungen\u2026 <a class=\"continue-reading-link\" href=\"http:\/\/www.troublemanias.com\/de\/deutsch-quelle-x-doodah\/\">Continue reading<\/a><\/p>\n","protected":false},"author":1,"featured_media":0,"parent":0,"menu_order":0,"comment_status":"closed","ping_status":"closed","template":"templates\/template-onecolumn.php","meta":[],"_links":{"self":[{"href":"http:\/\/www.troublemanias.com\/de\/wp-json\/wp\/v2\/pages\/1187"}],"collection":[{"href":"http:\/\/www.troublemanias.com\/de\/wp-json\/wp\/v2\/pages"}],"about":[{"href":"http:\/\/www.troublemanias.com\/de\/wp-json\/wp\/v2\/types\/page"}],"author":[{"embeddable":true,"href":"http:\/\/www.troublemanias.com\/de\/wp-json\/wp\/v2\/users\/1"}],"replies":[{"embeddable":true,"href":"http:\/\/www.troublemanias.com\/de\/wp-json\/wp\/v2\/comments?post=1187"}],"version-history":[{"count":10,"href":"http:\/\/www.troublemanias.com\/de\/wp-json\/wp\/v2\/pages\/1187\/revisions"}],"predecessor-version":[{"id":1937,"href":"http:\/\/www.troublemanias.com\/de\/wp-json\/wp\/v2\/pages\/1187\/revisions\/1937"}],"wp:attachment":[{"href":"http:\/\/www.troublemanias.com\/de\/wp-json\/wp\/v2\/media?parent=1187"}],"curies":[{"name":"wp","href":"https:\/\/api.w.org\/{rel}","templated":true}]}}